{"id":2584,"date":"2017-02-03T15:56:01","date_gmt":"2017-02-03T13:56:01","guid":{"rendered":"http:\/\/lacasadelpop.es\/?page_id=2584"},"modified":"2022-05-31T20:10:10","modified_gmt":"2022-05-31T18:10:10","slug":"politica-de-privacidad","status":"publish","type":"page","link":"https:\/\/lacasadelpop.es\/en\/politica-de-privacidad\/","title":{"rendered":"Privacy Policy"},"content":{"rendered":"<div>\n<div>\n<div>\n<div>\n<div>\n<p>En cumplimiento de lo dispuesto en\u00a0la Ley Org\u00e1nica 15\/1999, de 13 de Diciembre, de Protecci\u00f3n de Datos de Car\u00e1cter Personal (LOPD)\u00a0se informa al usuario que todos los datos que nos proporcione ser\u00e1n incorporados a un fichero, creado y mantenido bajo la responsabilidad de\u00a0BOGA GOURMET SL<\/p>\n<\/div>\n<\/div>\n<\/div>\n<\/div>\n<\/div>\n<div>\n<div>\n<div>\n<div>\n<div>\n<div>Siempre\u00a0se va a respetar la confidencialidad de sus datos personales\u00a0que s\u00f3lo ser\u00e1n utilizados con la finalidad de gestionar los servicios ofrecidos, atender a las solicitudes que nos plantee, realizar tareas administrativas, as\u00ed como remitir informaci\u00f3n t\u00e9cnica, comercial o publicitaria por v\u00eda ordinaria o electr\u00f3nica.<\/div>\n<\/div>\n<\/div>\n<\/div>\n<\/div>\n<\/div>\n<div>\n<div>\n<div>\n<div>\n<div>\n<p>Para ejercer sus derechos de oposici\u00f3n, rectificaci\u00f3n o cancelaci\u00f3n deber\u00e1 dirigirse a la sede de la empresa Avenida de la Buhaira 13 local 1, 41018 , Sevilla, escribirnos al siguiente correo oficina@grupoboga.es o ll\u00e1manos al <a href=\"tel:606%2019%2072%2003\" target=\"_blank\" rel=\"noopener\">+34 620038245<\/a><\/p>\n<\/div>\n<\/div>\n<\/div>\n<\/div>\n<\/div>","protected":false},"excerpt":{"rendered":"<p>En cumplimiento de lo dispuesto en\u00a0la Ley Org\u00e1nica 15\/1999, de 13 de Diciembre, de Protecci\u00f3n de Datos de Car\u00e1cter Personal (LOPD)\u00a0se informa al usuario que todos los datos que nos proporcione ser\u00e1n incorporados a un fichero, creado y mantenido bajo la responsabilidad de\u00a0BOGA GOURMET SL Siempre\u00a0se va a respetar la confidencialidad de sus datos personales\u00a0que [&hellip;]<\/p>\n","protected":false},"author":3,"featured_media":0,"parent":0,"menu_order":0,"comment_status":"closed","ping_status":"closed","template":"","meta":[],"_links":{"self":[{"href":"https:\/\/lacasadelpop.es\/en\/wp-json\/wp\/v2\/pages\/2584"}],"collection":[{"href":"https:\/\/lacasadelpop.es\/en\/wp-json\/wp\/v2\/pages"}],"about":[{"href":"https:\/\/lacasadelpop.es\/en\/wp-json\/wp\/v2\/types\/page"}],"author":[{"embeddable":true,"href":"https:\/\/lacasadelpop.es\/en\/wp-json\/wp\/v2\/users\/3"}],"replies":[{"embeddable":true,"href":"https:\/\/lacasadelpop.es\/en\/wp-json\/wp\/v2\/comments?post=2584"}],"version-history":[{"count":7,"href":"https:\/\/lacasadelpop.es\/en\/wp-json\/wp\/v2\/pages\/2584\/revisions"}],"predecessor-version":[{"id":3412,"href":"https:\/\/lacasadelpop.es\/en\/wp-json\/wp\/v2\/pages\/2584\/revisions\/3412"}],"wp:attachment":[{"href":"https:\/\/lacasadelpop.es\/en\/wp-json\/wp\/v2\/media?parent=2584"}],"curies":[{"name":"wp","href":"https:\/\/api.w.org\/{rel}","templated":true}]}}